{"id":121,"date":"2018-11-08T16:58:28","date_gmt":"2018-11-08T15:58:28","guid":{"rendered":"https:\/\/prestige-nature.com\/?page_id=121"},"modified":"2022-04-15T08:57:39","modified_gmt":"2022-04-15T07:57:39","slug":"mentions-legales","status":"publish","type":"page","link":"https:\/\/prestige-nature.com\/index.php\/mentions-legales\/","title":{"rendered":"Mentions l\u00e9gales"},"content":{"rendered":"<p>[et_pb_section fb_built=\u00a0\u00bb1&Prime; _builder_version=\u00a0\u00bb4.16&Prime; background_color=\u00a0\u00bb#ffffff\u00a0\u00bb global_colors_info=\u00a0\u00bb{}\u00a0\u00bb][et_pb_row _builder_version=\u00a0\u00bb4.16&Prime; global_colors_info=\u00a0\u00bb{}\u00a0\u00bb][et_pb_column type=\u00a0\u00bb4_4&Prime; _builder_version=\u00a0\u00bb4.16&Prime; custom_padding=\u00a0\u00bb|||\u00a0\u00bb global_colors_info=\u00a0\u00bb{}\u00a0\u00bb custom_padding__hover=\u00a0\u00bb|||\u00a0\u00bb][et_pb_text admin_label=\u00a0\u00bbMentions l\u00e9gales\u00a0\u00bb _builder_version=\u00a0\u00bb4.16&Prime; text_font=\u00a0\u00bbComfortaa|300|||||||\u00a0\u00bb text_text_color=\u00a0\u00bb#d18c35&Prime; text_font_size=\u00a0\u00bb30px\u00a0\u00bb header_font=\u00a0\u00bbComfortaa||||||||\u00a0\u00bb header_2_font=\u00a0\u00bbComfortaa||||||||\u00a0\u00bb header_3_font=\u00a0\u00bbComfortaa||||||||\u00a0\u00bb header_4_font=\u00a0\u00bbComfortaa||||||||\u00a0\u00bb header_5_font=\u00a0\u00bbComfortaa||||||||\u00a0\u00bb global_colors_info=\u00a0\u00bb{}\u00a0\u00bb]<\/p>\n<p>Mentions l\u00e9gales<\/p>\n<p>[\/et_pb_text][\/et_pb_column][\/et_pb_row][et_pb_row _builder_version=\u00a0\u00bb4.16&Prime; background_color=\u00a0\u00bb#ffffff\u00a0\u00bb global_colors_info=\u00a0\u00bb{}\u00a0\u00bb][et_pb_column type=\u00a0\u00bb4_4&Prime; _builder_version=\u00a0\u00bb4.16&Prime; custom_padding=\u00a0\u00bb|||\u00a0\u00bb global_colors_info=\u00a0\u00bb{}\u00a0\u00bb custom_padding__hover=\u00a0\u00bb|||\u00a0\u00bb][et_pb_text _builder_version=\u00a0\u00bb4.16&Prime; text_font=\u00a0\u00bbComfortaa||||||||\u00a0\u00bb header_font=\u00a0\u00bbComfortaa||||||||\u00a0\u00bb header_2_font=\u00a0\u00bbComfortaa||||||||\u00a0\u00bb header_2_font_size=\u00a0\u00bb25px\u00a0\u00bb header_3_font=\u00a0\u00bbComfortaa||||||||\u00a0\u00bb header_4_font=\u00a0\u00bbComfortaa||||||||\u00a0\u00bb header_4_font_size=\u00a0\u00bb20px\u00a0\u00bb global_colors_info=\u00a0\u00bb{}\u00a0\u00bb]<\/p>\n<h2>Editeur<\/h2>\n<h4>Prestige Nature<\/h4>\n<p>T\u00e9l. 09 50 23 05 53<br \/>a.barbero[at]prestige-nature.com<\/p>\n<p>[\/et_pb_text][et_pb_text _builder_version=\u00a0\u00bb4.17.0&Prime; text_font=\u00a0\u00bbComfortaa||||||||\u00a0\u00bb header_font=\u00a0\u00bbComfortaa||||||||\u00a0\u00bb header_2_font=\u00a0\u00bbComfortaa||||||||\u00a0\u00bb header_2_font_size=\u00a0\u00bb25px\u00a0\u00bb header_3_font=\u00a0\u00bbComfortaa||||||||\u00a0\u00bb header_4_font=\u00a0\u00bbComfortaa||||||||\u00a0\u00bb header_4_font_size=\u00a0\u00bb20px\u00a0\u00bb header_5_font=\u00a0\u00bb||||||||\u00a0\u00bb hover_enabled=\u00a0\u00bb0&Prime; global_colors_info=\u00a0\u00bb{}\u00a0\u00bb sticky_enabled=\u00a0\u00bb0&Prime;]<\/p>\n<h2>Cr\u00e9ation du site internet<\/h2>\n<h4>Yumea<\/h4>\n<p>3 rue Passet<br \/>\n69007 Lyon<\/p>\n<p>04 72 73 19 08<br \/>\n<a href=\"contact@yumea.fr\">contact@yumea.fr<\/a><br \/>\n<a href=\"https:\/\/yumea.fr\/\">Cr\u00e9ation de sites internet<\/a>[\/et_pb_text][et_pb_text _builder_version=\u00a0\u00bb4.16&Prime; text_font=\u00a0\u00bbComfortaa||||||||\u00a0\u00bb header_font=\u00a0\u00bbComfortaa||||||||\u00a0\u00bb header_2_font=\u00a0\u00bbComfortaa||||||||\u00a0\u00bb header_2_font_size=\u00a0\u00bb25px\u00a0\u00bb header_3_font=\u00a0\u00bbComfortaa||||||||\u00a0\u00bb header_4_font=\u00a0\u00bbComfortaa||||||||\u00a0\u00bb header_4_font_size=\u00a0\u00bb20px\u00a0\u00bb global_colors_info=\u00a0\u00bb{}\u00a0\u00bb]<\/p>\n<h2>H\u00e9bergement du site<\/h2>\n<h4>Hetzner Online GmbH<\/h4>\n<p>Industriestr. 25<br \/>91710 Gunzenhausen, Allemagne<\/p>\n<p>Tel.: +49 (0)9831 505-0<br \/><a href=\"info@hetzner.com\">info@hetzner.com<\/a><\/p>\n<p>[\/et_pb_text][\/et_pb_column][\/et_pb_row][\/et_pb_section]<\/p>\n","protected":false},"excerpt":{"rendered":"<p>Mentions l\u00e9galesEditeur Prestige Nature T\u00e9l. 09 50 23 05 53a.barbero[at]prestige-nature.comCr\u00e9ation du site internet Yumea 3 rue Passet 69007 Lyon 04 72 73 19 08 contact@yumea.fr Cr\u00e9ation de sites internetH\u00e9bergement du site Hetzner Online GmbH Industriestr. 2591710 Gunzenhausen, Allemagne Tel.: +49 (0)9831 505-0info@hetzner.com<\/p>\n","protected":false},"author":1,"featured_media":0,"parent":0,"menu_order":0,"comment_status":"closed","ping_status":"closed","template":"","meta":{"_seopress_robots_primary_cat":"","_seopress_titles_title":"","_seopress_titles_desc":"","_seopress_robots_index":"","_et_pb_use_builder":"on","_et_pb_old_content":"","_et_gb_content_width":"","footnotes":""},"class_list":["post-121","page","type-page","status-publish","hentry"],"_links":{"self":[{"href":"https:\/\/prestige-nature.com\/index.php\/wp-json\/wp\/v2\/pages\/121","targetHints":{"allow":["GET"]}}],"collection":[{"href":"https:\/\/prestige-nature.com\/index.php\/wp-json\/wp\/v2\/pages"}],"about":[{"href":"https:\/\/prestige-nature.com\/index.php\/wp-json\/wp\/v2\/types\/page"}],"author":[{"embeddable":true,"href":"https:\/\/prestige-nature.com\/index.php\/wp-json\/wp\/v2\/users\/1"}],"replies":[{"embeddable":true,"href":"https:\/\/prestige-nature.com\/index.php\/wp-json\/wp\/v2\/comments?post=121"}],"version-history":[{"count":5,"href":"https:\/\/prestige-nature.com\/index.php\/wp-json\/wp\/v2\/pages\/121\/revisions"}],"predecessor-version":[{"id":2591,"href":"https:\/\/prestige-nature.com\/index.php\/wp-json\/wp\/v2\/pages\/121\/revisions\/2591"}],"wp:attachment":[{"href":"https:\/\/prestige-nature.com\/index.php\/wp-json\/wp\/v2\/media?parent=121"}],"curies":[{"name":"wp","href":"https:\/\/api.w.org\/{rel}","templated":true}]}}